{"id":614,"date":"2024-08-08T19:11:33","date_gmt":"2024-08-08T17:11:33","guid":{"rendered":"https:\/\/hotelducerf.ch\/?page_id=614"},"modified":"2024-08-17T18:33:06","modified_gmt":"2024-08-17T16:33:06","slug":"restaurant","status":"publish","type":"page","link":"https:\/\/hotelducerf.ch\/de\/restaurant\/","title":{"rendered":"Restaurant"},"content":{"rendered":"<div style=\"height:20px\" aria-hidden=\"true\" class=\"wp-block-spacer\"><\/div>\n\n\n\n<p class=\"has-text-align-center\">QUALIT\u00c4T &amp; REGIONALIT\u00c4T<\/p>\n\n\n\n<h2 class=\"wp-block-heading has-text-align-center\">Hotel Restaurant du Cerf in Soubey<\/h2>\n\n\n\n<h3 class=\"wp-block-heading has-text-align-center\"><em>Das bewusste Restaurant im Jura<\/em><\/h3>\n\n\n\n<div style=\"height:20px\" aria-hidden=\"true\" class=\"wp-block-spacer\"><\/div>\n\n\n\n<p>Seit Mai 2024 freuen wir uns Sie in unserem neu er\u00f6ffneten Hotel Restaurant du Cerf im wundersch\u00f6n gelegenen Soubey begr\u00fcssen zu d\u00fcrfen. Hier werden nicht nur Hotelg\u00e4ste mit t\u00e4glich frisch zubereiteten Gerichten verw\u00f6hnt. In unserem Restaurant in Soubey ist jeder herzlich willkommen!<\/p>\n\n\n\n<p class=\"text-justify\">Vom vitamin- und energiereichen Fr\u00fch\u00adst\u00fccks\u00adbuffet \u00fcber das abwechslungsreiche und kreative Tagesmen\u00fc geniessen Sie in unserem Restaurant Gaumenfreuden auf pflanzlicher Basis. Wir setzen auf eine ehrliche Bio-K\u00fcche, bewussten Genuss und regionale Lebensmittel, wann immer m\u00f6glich.<\/p>\n\n\n\n<hr class=\"wp-block-separator has-alpha-channel-opacity\" style=\"margin-top:var(--wp--preset--spacing--40);margin-bottom:var(--wp--preset--spacing--40)\"\/>\n\n\n\n<div class=\"wp-block-columns alignwide is-layout-flex wp-container-core-columns-is-layout-1146dd41 wp-block-columns-is-layout-flex\" style=\"padding-right:0;padding-left:0\">\n<div class=\"wp-block-column is-layout-flow wp-block-column-is-layout-flow\">\n<h3 class=\"wp-block-heading\">Ein frischer Start in den Tag<\/h3>\n\n\n\n<p><strong>Fr\u00fchst\u00fccksbuffet auch f\u00fcr Nicht-Hotelg\u00e4ste<\/strong><\/p>\n\n\n\n<p>Ein Fr\u00fchst\u00fccksbuffet voller Frische und Vitamine lockt Sie schon fr\u00fch am Morgen in unser Restaurant in Soubey. Nat\u00fcrlich ist alles Bio und besteht aus veganen und glutenfreien Optionen: Geniessen Sie hausgemachte Aufstriche, Granola, pflanzlichen Joghurt, selbstgebackenes Sauerteigbrot, Croissants, frisch gepressten Orangensaft, frisches Obst und ein Heissgetr\u00e4nk - auch wenn Sie nicht im Hotel \u00fcbernachten.<\/p>\n\n\n\n<p>20 CHF pro Person (Kind 10 CHF). Bitte melden Sie sich im Voraus an.<\/p>\n<\/div>\n\n\n\n<div class=\"wp-block-column is-layout-flow wp-block-column-is-layout-flow\">\n<h3 class=\"wp-block-heading\">Mittagessen &amp; Nachmittag<\/h3>\n\n\n\n<p><strong>Frische Salate, Suppen, Kuchen, Desserts und mehr!<\/strong><\/p>\n\n\n\n<p>Wenn Sie mittags lieber etwas Leichtes essen m\u00f6chten, k\u00f6nnen Sie sich in unserem Restaurant auf leckere Salate aus der Region freuen. Ausserdem servieren wir saisonale Suppen. Im Hauptgang erwartet Sie eine feine Auswahl an verschiedenen Gerichten.<\/p>\n\n\n\n<p>G\u00f6nnen Sie sich am Nachmittag einen Kaffee mit hausgemachten Kuchen und Desserts oder ein erfrischendes Eis auf unserer Sonnenterrasse, die wundersch\u00f6n am Ufer des Doubs liegt.<\/p>\n<\/div>\n\n\n\n<div class=\"wp-block-column is-layout-flow wp-block-column-is-layout-flow\">\n<h3 class=\"wp-block-heading\">Genuss am Abend<\/h3>\n\n\n\n<p><strong>T\u00e4glich wechselnde Mahlzeiten und Gerichte \u00e0 la carte<\/strong><\/p>\n\n\n\n<p>Am Abend heissen wir alle Hotel- und Nicht-Hotelg\u00e4ste in unserem Restaurant willkommen: Beginnen Sie mit einer Auswahl an Salaten oder einer saisonalen Suppe und erwarten Sie mit Spannung den Hauptgang Ihrer Wahl - traditionell, exotisch, vegan und in jedem Fall raffiniert. Zum Abschluss warten s\u00fcsse Verlockungen auf Sie.<\/p>\n\n\n\n<p><strong>Lust auf etwas Besonderes?<\/strong><\/p>\n\n\n\n<p><em>Tofu Fish &amp; Chips | 25 CHF pro Person<\/em><\/p>\n\n\n\n<p>Eine aussergew\u00f6hnliche pflanzliche Alternative zur seltenen Doubs-Forelle.<\/p>\n<\/div>\n<\/div>\n\n\n\n<div style=\"height:40px\" aria-hidden=\"true\" class=\"wp-block-spacer\"><\/div>\n\n\n\n<hr class=\"wp-block-separator has-alpha-channel-opacity\"\/>\n\n\n\n<div style=\"height:40px\" aria-hidden=\"true\" class=\"wp-block-spacer\"><\/div>\n\n\n\n<figure class=\"wp-block-gallery has-nested-images columns-default is-cropped wp-block-gallery-1 is-layout-flex wp-block-gallery-is-layout-flex\">\n<figure class=\"wp-block-image size-large\"><img loading=\"lazy\" decoding=\"async\" width=\"820\" height=\"1024\" data-id=\"304\" src=\"https:\/\/hotelducerf.ch\/wp-content\/uploads\/2024\/06\/Snapinsta.app_443005008_351459251282224_2767909788663596889_n_1080-820x1024.jpg\" alt=\"\" class=\"wp-image-304\" srcset=\"https:\/\/hotelducerf.ch\/wp-content\/uploads\/2024\/06\/Snapinsta.app_443005008_351459251282224_2767909788663596889_n_1080-820x1024.jpg 820w, https:\/\/hotelducerf.ch\/wp-content\/uploads\/2024\/06\/Snapinsta.app_443005008_351459251282224_2767909788663596889_n_1080-240x300.jpg 240w, https:\/\/hotelducerf.ch\/wp-content\/uploads\/2024\/06\/Snapinsta.app_443005008_351459251282224_2767909788663596889_n_1080-768x959.jpg 768w, https:\/\/hotelducerf.ch\/wp-content\/uploads\/2024\/06\/Snapinsta.app_443005008_351459251282224_2767909788663596889_n_1080.jpg 1080w\" sizes=\"auto, (max-width: 820px) 100vw, 820px\" \/><\/figure>\n\n\n\n<figure class=\"wp-block-image size-large\"><img loading=\"lazy\" decoding=\"async\" width=\"820\" height=\"1024\" data-id=\"308\" src=\"https:\/\/hotelducerf.ch\/wp-content\/uploads\/2024\/06\/Snapinsta.app_441624122_1348636399137528_4489271180511000006_n_1024-820x1024.jpg\" alt=\"\" class=\"wp-image-308\" srcset=\"https:\/\/hotelducerf.ch\/wp-content\/uploads\/2024\/06\/Snapinsta.app_441624122_1348636399137528_4489271180511000006_n_1024-820x1024.jpg 820w, https:\/\/hotelducerf.ch\/wp-content\/uploads\/2024\/06\/Snapinsta.app_441624122_1348636399137528_4489271180511000006_n_1024-240x300.jpg 240w, https:\/\/hotelducerf.ch\/wp-content\/uploads\/2024\/06\/Snapinsta.app_441624122_1348636399137528_4489271180511000006_n_1024-768x959.jpg 768w, https:\/\/hotelducerf.ch\/wp-content\/uploads\/2024\/06\/Snapinsta.app_441624122_1348636399137528_4489271180511000006_n_1024.jpg 1080w\" sizes=\"auto, (max-width: 820px) 100vw, 820px\" \/><\/figure>\n\n\n\n<figure class=\"wp-block-image size-large\"><img loading=\"lazy\" decoding=\"async\" width=\"1024\" height=\"683\" data-id=\"303\" src=\"https:\/\/hotelducerf.ch\/wp-content\/uploads\/2024\/06\/Snapinsta.app_442507440_786156586938274_4057331447128762867_n_1024-1024x683.jpg\" alt=\"\" class=\"wp-image-303\" srcset=\"https:\/\/hotelducerf.ch\/wp-content\/uploads\/2024\/06\/Snapinsta.app_442507440_786156586938274_4057331447128762867_n_1024-1024x683.jpg 1024w, https:\/\/hotelducerf.ch\/wp-content\/uploads\/2024\/06\/Snapinsta.app_442507440_786156586938274_4057331447128762867_n_1024-300x200.jpg 300w, https:\/\/hotelducerf.ch\/wp-content\/uploads\/2024\/06\/Snapinsta.app_442507440_786156586938274_4057331447128762867_n_1024-768x512.jpg 768w, https:\/\/hotelducerf.ch\/wp-content\/uploads\/2024\/06\/Snapinsta.app_442507440_786156586938274_4057331447128762867_n_1024.jpg 1080w\" sizes=\"auto, (max-width: 1024px) 100vw, 1024px\" \/><\/figure>\n\n\n\n<figure class=\"wp-block-image size-large\"><img loading=\"lazy\" decoding=\"async\" width=\"820\" height=\"1024\" data-id=\"302\" src=\"https:\/\/hotelducerf.ch\/wp-content\/uploads\/2024\/06\/Snapinsta.app_442509516_412015281625651_4111167788686942329_n_1080-820x1024.jpg\" alt=\"\" class=\"wp-image-302\" srcset=\"https:\/\/hotelducerf.ch\/wp-content\/uploads\/2024\/06\/Snapinsta.app_442509516_412015281625651_4111167788686942329_n_1080-820x1024.jpg 820w, https:\/\/hotelducerf.ch\/wp-content\/uploads\/2024\/06\/Snapinsta.app_442509516_412015281625651_4111167788686942329_n_1080-240x300.jpg 240w, https:\/\/hotelducerf.ch\/wp-content\/uploads\/2024\/06\/Snapinsta.app_442509516_412015281625651_4111167788686942329_n_1080-768x959.jpg 768w, https:\/\/hotelducerf.ch\/wp-content\/uploads\/2024\/06\/Snapinsta.app_442509516_412015281625651_4111167788686942329_n_1080.jpg 1080w\" sizes=\"auto, (max-width: 820px) 100vw, 820px\" \/><\/figure>\n\n\n\n<figure class=\"wp-block-image size-large\"><img loading=\"lazy\" decoding=\"async\" width=\"1024\" height=\"683\" data-id=\"306\" src=\"https:\/\/hotelducerf.ch\/wp-content\/uploads\/2024\/06\/Snapinsta.app_443253309_752698326883427_6411973491663580192_n_1024-1024x683.jpg\" alt=\"\" class=\"wp-image-306\" srcset=\"https:\/\/hotelducerf.ch\/wp-content\/uploads\/2024\/06\/Snapinsta.app_443253309_752698326883427_6411973491663580192_n_1024-1024x683.jpg 1024w, https:\/\/hotelducerf.ch\/wp-content\/uploads\/2024\/06\/Snapinsta.app_443253309_752698326883427_6411973491663580192_n_1024-300x200.jpg 300w, https:\/\/hotelducerf.ch\/wp-content\/uploads\/2024\/06\/Snapinsta.app_443253309_752698326883427_6411973491663580192_n_1024-768x512.jpg 768w, https:\/\/hotelducerf.ch\/wp-content\/uploads\/2024\/06\/Snapinsta.app_443253309_752698326883427_6411973491663580192_n_1024.jpg 1080w\" sizes=\"auto, (max-width: 1024px) 100vw, 1024px\" \/><\/figure>\n\n\n\n<figure class=\"wp-block-image size-large\"><img loading=\"lazy\" decoding=\"async\" width=\"586\" height=\"495\" data-id=\"314\" src=\"https:\/\/hotelducerf.ch\/wp-content\/uploads\/2024\/06\/Screenshot-2024-06-21-185451.png\" alt=\"\" class=\"wp-image-314\" srcset=\"https:\/\/hotelducerf.ch\/wp-content\/uploads\/2024\/06\/Screenshot-2024-06-21-185451.png 586w, https:\/\/hotelducerf.ch\/wp-content\/uploads\/2024\/06\/Screenshot-2024-06-21-185451-300x253.png 300w\" sizes=\"auto, (max-width: 586px) 100vw, 586px\" \/><\/figure>\n\n\n\n<figure class=\"wp-block-image size-large\"><img loading=\"lazy\" decoding=\"async\" width=\"820\" height=\"1024\" data-id=\"309\" src=\"https:\/\/hotelducerf.ch\/wp-content\/uploads\/2024\/06\/Snapinsta.app_443006654_447778664570357_9018416596296173937_n_1080-820x1024.jpg\" alt=\"\" class=\"wp-image-309\" srcset=\"https:\/\/hotelducerf.ch\/wp-content\/uploads\/2024\/06\/Snapinsta.app_443006654_447778664570357_9018416596296173937_n_1080-820x1024.jpg 820w, https:\/\/hotelducerf.ch\/wp-content\/uploads\/2024\/06\/Snapinsta.app_443006654_447778664570357_9018416596296173937_n_1080-240x300.jpg 240w, https:\/\/hotelducerf.ch\/wp-content\/uploads\/2024\/06\/Snapinsta.app_443006654_447778664570357_9018416596296173937_n_1080-768x959.jpg 768w, https:\/\/hotelducerf.ch\/wp-content\/uploads\/2024\/06\/Snapinsta.app_443006654_447778664570357_9018416596296173937_n_1080.jpg 1080w\" sizes=\"auto, (max-width: 820px) 100vw, 820px\" \/><\/figure>\n\n\n\n<figure class=\"wp-block-image size-large\"><img loading=\"lazy\" decoding=\"async\" width=\"768\" height=\"1024\" data-id=\"720\" src=\"https:\/\/hotelducerf.ch\/wp-content\/uploads\/2024\/08\/image00029-768x1024.jpeg\" alt=\"\" class=\"wp-image-720\" srcset=\"https:\/\/hotelducerf.ch\/wp-content\/uploads\/2024\/08\/image00029-768x1024.jpeg 768w, https:\/\/hotelducerf.ch\/wp-content\/uploads\/2024\/08\/image00029-225x300.jpeg 225w, https:\/\/hotelducerf.ch\/wp-content\/uploads\/2024\/08\/image00029-1152x1536.jpeg 1152w, https:\/\/hotelducerf.ch\/wp-content\/uploads\/2024\/08\/image00029-1536x2048.jpeg 1536w, https:\/\/hotelducerf.ch\/wp-content\/uploads\/2024\/08\/image00029-9x12.jpeg 9w, https:\/\/hotelducerf.ch\/wp-content\/uploads\/2024\/08\/image00029-scaled.jpeg 1920w\" sizes=\"auto, (max-width: 768px) 100vw, 768px\" \/><\/figure>\n\n\n\n<figure class=\"wp-block-image size-large\"><img loading=\"lazy\" decoding=\"async\" width=\"820\" height=\"1024\" data-id=\"310\" src=\"https:\/\/hotelducerf.ch\/wp-content\/uploads\/2024\/06\/Snapinsta.app_443007190_1715247262628331_3371621187018285558_n_1080-820x1024.jpg\" alt=\"\" class=\"wp-image-310\" srcset=\"https:\/\/hotelducerf.ch\/wp-content\/uploads\/2024\/06\/Snapinsta.app_443007190_1715247262628331_3371621187018285558_n_1080-820x1024.jpg 820w, https:\/\/hotelducerf.ch\/wp-content\/uploads\/2024\/06\/Snapinsta.app_443007190_1715247262628331_3371621187018285558_n_1080-240x300.jpg 240w, https:\/\/hotelducerf.ch\/wp-content\/uploads\/2024\/06\/Snapinsta.app_443007190_1715247262628331_3371621187018285558_n_1080-768x959.jpg 768w, https:\/\/hotelducerf.ch\/wp-content\/uploads\/2024\/06\/Snapinsta.app_443007190_1715247262628331_3371621187018285558_n_1080.jpg 1080w\" sizes=\"auto, (max-width: 820px) 100vw, 820px\" \/><\/figure>\n\n\n\n<figure class=\"wp-block-image size-large\"><img loading=\"lazy\" decoding=\"async\" width=\"820\" height=\"1024\" data-id=\"305\" src=\"https:\/\/hotelducerf.ch\/wp-content\/uploads\/2024\/06\/Snapinsta.app_443007393_852005896737094_3203235476756259350_n_1080-820x1024.jpg\" alt=\"\" class=\"wp-image-305\" srcset=\"https:\/\/hotelducerf.ch\/wp-content\/uploads\/2024\/06\/Snapinsta.app_443007393_852005896737094_3203235476756259350_n_1080-820x1024.jpg 820w, https:\/\/hotelducerf.ch\/wp-content\/uploads\/2024\/06\/Snapinsta.app_443007393_852005896737094_3203235476756259350_n_1080-240x300.jpg 240w, https:\/\/hotelducerf.ch\/wp-content\/uploads\/2024\/06\/Snapinsta.app_443007393_852005896737094_3203235476756259350_n_1080-768x959.jpg 768w, https:\/\/hotelducerf.ch\/wp-content\/uploads\/2024\/06\/Snapinsta.app_443007393_852005896737094_3203235476756259350_n_1080.jpg 1080w\" sizes=\"auto, (max-width: 820px) 100vw, 820px\" \/><\/figure>\n\n\n\n<figure class=\"wp-block-image size-large\"><img loading=\"lazy\" decoding=\"async\" width=\"820\" height=\"1024\" data-id=\"307\" src=\"https:\/\/hotelducerf.ch\/wp-content\/uploads\/2024\/06\/Snapinsta.app_443007734_1124897448720435_1098460912198294572_n_1024-820x1024.jpg\" alt=\"\" class=\"wp-image-307\" srcset=\"https:\/\/hotelducerf.ch\/wp-content\/uploads\/2024\/06\/Snapinsta.app_443007734_1124897448720435_1098460912198294572_n_1024-820x1024.jpg 820w, https:\/\/hotelducerf.ch\/wp-content\/uploads\/2024\/06\/Snapinsta.app_443007734_1124897448720435_1098460912198294572_n_1024-240x300.jpg 240w, https:\/\/hotelducerf.ch\/wp-content\/uploads\/2024\/06\/Snapinsta.app_443007734_1124897448720435_1098460912198294572_n_1024-768x959.jpg 768w, https:\/\/hotelducerf.ch\/wp-content\/uploads\/2024\/06\/Snapinsta.app_443007734_1124897448720435_1098460912198294572_n_1024.jpg 1080w\" sizes=\"auto, (max-width: 820px) 100vw, 820px\" \/><\/figure>\n\n\n\n<figure class=\"wp-block-image size-large\"><img loading=\"lazy\" decoding=\"async\" width=\"820\" height=\"1024\" data-id=\"312\" src=\"https:\/\/hotelducerf.ch\/wp-content\/uploads\/2024\/06\/Snapinsta.app_443278023_468056055564037_4327380568552223222_n_1080-820x1024.jpg\" alt=\"\" class=\"wp-image-312\" srcset=\"https:\/\/hotelducerf.ch\/wp-content\/uploads\/2024\/06\/Snapinsta.app_443278023_468056055564037_4327380568552223222_n_1080-820x1024.jpg 820w, https:\/\/hotelducerf.ch\/wp-content\/uploads\/2024\/06\/Snapinsta.app_443278023_468056055564037_4327380568552223222_n_1080-240x300.jpg 240w, https:\/\/hotelducerf.ch\/wp-content\/uploads\/2024\/06\/Snapinsta.app_443278023_468056055564037_4327380568552223222_n_1080-768x959.jpg 768w, https:\/\/hotelducerf.ch\/wp-content\/uploads\/2024\/06\/Snapinsta.app_443278023_468056055564037_4327380568552223222_n_1080.jpg 1080w\" sizes=\"auto, (max-width: 820px) 100vw, 820px\" \/><\/figure>\n\n\n\n<figure class=\"wp-block-image size-large\"><img loading=\"lazy\" decoding=\"async\" width=\"768\" height=\"1024\" data-id=\"722\" src=\"https:\/\/hotelducerf.ch\/wp-content\/uploads\/2024\/08\/image00089-768x1024.jpeg\" alt=\"\" class=\"wp-image-722\" srcset=\"https:\/\/hotelducerf.ch\/wp-content\/uploads\/2024\/08\/image00089-768x1024.jpeg 768w, https:\/\/hotelducerf.ch\/wp-content\/uploads\/2024\/08\/image00089-225x300.jpeg 225w, https:\/\/hotelducerf.ch\/wp-content\/uploads\/2024\/08\/image00089-1152x1536.jpeg 1152w, https:\/\/hotelducerf.ch\/wp-content\/uploads\/2024\/08\/image00089-1536x2048.jpeg 1536w, https:\/\/hotelducerf.ch\/wp-content\/uploads\/2024\/08\/image00089-9x12.jpeg 9w, https:\/\/hotelducerf.ch\/wp-content\/uploads\/2024\/08\/image00089-scaled.jpeg 1920w\" sizes=\"auto, (max-width: 768px) 100vw, 768px\" \/><\/figure>\n<\/figure>","protected":false},"excerpt":{"rendered":"<p>QUALIT\u00c9 &amp; R\u00c9GIONALIT\u00c9 H\u00f4tel Restaurant du Cerf \u00e0 Soubey Le Restaurant Conscient dans le Jura Depuis mai 2024, nous sommes ravis de vous accueillir dans notre nouvel h\u00f4tel-restaurant du Cerf, situ\u00e9 dans le magnifique village de Soubey. Les clients de l&rsquo;h\u00f4tel ne sont pas les seuls \u00e0 \u00eatre g\u00e2t\u00e9s avec des plats fra\u00eechement pr\u00e9par\u00e9s tous [&hellip;]<\/p>","protected":false},"author":2,"featured_media":0,"parent":0,"menu_order":0,"comment_status":"closed","ping_status":"closed","template":"page-no-title","meta":{"footnotes":""},"class_list":["post-614","page","type-page","status-publish","hentry"],"_links":{"self":[{"href":"https:\/\/hotelducerf.ch\/de\/wp-json\/wp\/v2\/pages\/614","targetHints":{"allow":["GET"]}}],"collection":[{"href":"https:\/\/hotelducerf.ch\/de\/wp-json\/wp\/v2\/pages"}],"about":[{"href":"https:\/\/hotelducerf.ch\/de\/wp-json\/wp\/v2\/types\/page"}],"author":[{"embeddable":true,"href":"https:\/\/hotelducerf.ch\/de\/wp-json\/wp\/v2\/users\/2"}],"replies":[{"embeddable":true,"href":"https:\/\/hotelducerf.ch\/de\/wp-json\/wp\/v2\/comments?post=614"}],"version-history":[{"count":17,"href":"https:\/\/hotelducerf.ch\/de\/wp-json\/wp\/v2\/pages\/614\/revisions"}],"predecessor-version":[{"id":734,"href":"https:\/\/hotelducerf.ch\/de\/wp-json\/wp\/v2\/pages\/614\/revisions\/734"}],"wp:attachment":[{"href":"https:\/\/hotelducerf.ch\/de\/wp-json\/wp\/v2\/media?parent=614"}],"curies":[{"name":"wp","href":"https:\/\/api.w.org\/{rel}","templated":true}]}}