{"id":22,"date":"2024-03-08T11:59:07","date_gmt":"2024-03-08T10:59:07","guid":{"rendered":"https:\/\/hotelducerf.ch\/?page_id=22"},"modified":"2026-04-01T11:52:43","modified_gmt":"2026-04-01T09:52:43","slug":"home","status":"publish","type":"page","link":"https:\/\/hotelducerf.ch\/de\/","title":{"rendered":"Home"},"content":{"rendered":"<div class=\"wp-block-group alignfull has-global-padding is-layout-constrained wp-container-core-group-is-layout-490fa1db wp-block-group-is-layout-constrained\" style=\"padding-top:var(--wp--preset--spacing--50);padding-right:var(--wp--preset--spacing--50);padding-bottom:var(--wp--preset--spacing--50);padding-left:var(--wp--preset--spacing--50)\">\n<div class=\"wp-block-group has-global-padding is-layout-constrained wp-container-core-group-is-layout-650790e1 wp-block-group-is-layout-constrained\">\n<p class=\"has-text-align-center has-medium-font-size\">WELCOME, BIENVENUE, WILLKOMMEN<\/p>\n\n\n\n<div style=\"height:1.25rem\" aria-hidden=\"true\" class=\"wp-block-spacer\"><\/div>\n\n\n\n<h2 class=\"wp-block-heading has-text-align-center\">Hotel &amp; Restaurant du Cerf<\/h2>\n\n\n\n<div style=\"height:1.25rem\" aria-hidden=\"true\" class=\"wp-block-spacer\"><\/div>\n\n\n\n<h4 class=\"wp-block-heading has-text-align-center\">Ab dem 2. April freut sich das Cerf-Team unsere G\u00e4ste t\u00e4glich von 09:00 Uhr bis 21:30 Uhr begr\u00fc\u00dfen zu d\u00fcrfen.<\/h4>\n\n\n\n<div style=\"height:1.25rem\" aria-hidden=\"true\" class=\"wp-block-spacer\"><\/div>\n\n\n\n<div style=\"height:1.25rem\" aria-hidden=\"true\" class=\"wp-block-spacer\"><\/div>\n\n\n\n<div class=\"wp-block-buttons is-content-justification-center is-layout-flex wp-container-core-buttons-is-layout-a89b3969 wp-block-buttons-is-layout-flex\">\n<div class=\"wp-block-button\"><a class=\"wp-block-button__link wp-element-button\" href=\"https:\/\/hotelducerf.ch\/de\/book\/\">Buchen<\/a><\/div>\n<\/div>\n<\/div>\n\n\n\n<div style=\"height:var(--wp--preset--spacing--30)\" aria-hidden=\"true\" class=\"wp-block-spacer\"><\/div>\n\n\n\n<figure class=\"wp-block-image alignwide size-full is-style-rounded is-style-rounded--1\"><img loading=\"lazy\" decoding=\"async\" width=\"1280\" height=\"1086\" src=\"https:\/\/hotelducerf.ch\/wp-content\/uploads\/2024\/03\/signal-2024-03-08-090746_002.jpeg\" alt=\"\" class=\"wp-image-9\" srcset=\"https:\/\/hotelducerf.ch\/wp-content\/uploads\/2024\/03\/signal-2024-03-08-090746_002.jpeg 1280w, https:\/\/hotelducerf.ch\/wp-content\/uploads\/2024\/03\/signal-2024-03-08-090746_002-300x255.jpeg 300w, https:\/\/hotelducerf.ch\/wp-content\/uploads\/2024\/03\/signal-2024-03-08-090746_002-1024x869.jpeg 1024w, https:\/\/hotelducerf.ch\/wp-content\/uploads\/2024\/03\/signal-2024-03-08-090746_002-768x652.jpeg 768w\" sizes=\"auto, (max-width: 1280px) 100vw, 1280px\" \/><\/figure>\n<\/div>\n\n\n\n<div class=\"wp-block-group alignfull has-base-2-background-color has-background has-global-padding is-layout-constrained wp-container-core-group-is-layout-d89aad35 wp-block-group-is-layout-constrained\" style=\"margin-top:0;margin-bottom:0;padding-top:var(--wp--preset--spacing--50);padding-right:var(--wp--preset--spacing--50);padding-bottom:var(--wp--preset--spacing--50);padding-left:var(--wp--preset--spacing--50)\">\n<div class=\"wp-block-group alignwide has-global-padding is-layout-constrained wp-container-core-group-is-layout-19e250f3 wp-block-group-is-layout-constrained\">\n<div class=\"wp-block-group is-vertical is-content-justification-center is-layout-flex wp-container-core-group-is-layout-6329a8f3 wp-block-group-is-layout-flex\">\n<h2 class=\"wp-block-heading has-text-align-center is-style-asterisk\"><em>Willkommen zum Entspannen und Geniessen!<\/em><\/h2>\n\n\n\n<div style=\"height:0px\" aria-hidden=\"true\" class=\"wp-block-spacer wp-container-content-16d1eb73\"><\/div>\n\n\n\n<p class=\"has-text-align-left\">Abseits des Trubels \u2013 in der Gemeinde Soubey \u2013 befindet sich in der Talebene des Doubs direkt am Fluss gelegen das Hotel du Cerf. Inmitten unber\u00fchrter Natur ist unser Hotel zu allen Jahreszeiten der perfekte Ausgangspunkt f\u00fcr Wanderungen und Freizeitaktivit\u00e4ten.<\/p>\n<\/div>\n\n\n\n<div style=\"height:var(--wp--preset--spacing--40)\" aria-hidden=\"true\" class=\"wp-block-spacer\"><\/div>\n\n\n\n<div style=\"height:var(--wp--preset--spacing--40)\" aria-hidden=\"true\" class=\"wp-block-spacer\"><\/div>\n\n\n\n<div class=\"wp-block-columns alignwide is-layout-flex wp-container-core-columns-is-layout-30cd009e wp-block-columns-is-layout-flex\">\n<div class=\"wp-block-column is-vertically-aligned-center is-layout-flow wp-block-column-is-layout-flow\" style=\"flex-basis:40%\">\n<h3 class=\"wp-block-heading\"><em>Bewusster Genuss<\/em><\/h3>\n\n\n\n<p class=\"has-medium-font-size\">Umgeben von herrlichen Bergen und malerischen Landschaften bieten wir eine ehrliche Bio-K\u00fcche mit frischen und regionalen Zutaten und angenehmer Gastfreundschaft. Unsere rein pflanzliche und nat\u00fcrliche K\u00fcche soll vor allem satt und gl\u00fccklich machen. Das Angebot in Bio-Qualit\u00e4t besteht, wenn immer m\u00f6glich, aus regionalen und saisonalen Ingredienzen. Im Angebot gibt es t\u00e4glich wechselnde Gerichte sowie eine kleine Auswahl \u00e0 la carte: langweilig oder einfach, keineswegs, aber mit richtiger Handarbeit und Herz zubereitet.<\/p>\n<\/div>\n\n\n\n<div class=\"wp-block-column is-layout-flow wp-block-column-is-layout-flow\" style=\"flex-basis:50%\">\n<figure class=\"wp-block-image size-large is-style-rounded is-style-rounded--2\"><img loading=\"lazy\" decoding=\"async\" width=\"1024\" height=\"683\" src=\"https:\/\/hotelducerf.ch\/wp-content\/uploads\/2024\/08\/0N8A6364-1024x683.jpeg\" alt=\"\" class=\"wp-image-717\" style=\"aspect-ratio:3\/2;object-fit:cover\" srcset=\"https:\/\/hotelducerf.ch\/wp-content\/uploads\/2024\/08\/0N8A6364-1024x683.jpeg 1024w, https:\/\/hotelducerf.ch\/wp-content\/uploads\/2024\/08\/0N8A6364-300x200.jpeg 300w, https:\/\/hotelducerf.ch\/wp-content\/uploads\/2024\/08\/0N8A6364-768x512.jpeg 768w, https:\/\/hotelducerf.ch\/wp-content\/uploads\/2024\/08\/0N8A6364-1536x1024.jpeg 1536w, https:\/\/hotelducerf.ch\/wp-content\/uploads\/2024\/08\/0N8A6364-2048x1365.jpeg 2048w, https:\/\/hotelducerf.ch\/wp-content\/uploads\/2024\/08\/0N8A6364-18x12.jpeg 18w\" sizes=\"auto, (max-width: 1024px) 100vw, 1024px\" \/><\/figure>\n<\/div>\n<\/div>\n\n\n\n<div style=\"height:var(--wp--preset--spacing--40)\" aria-hidden=\"true\" class=\"wp-block-spacer\"><\/div>\n\n\n\n<div style=\"height:var(--wp--preset--spacing--40)\" aria-hidden=\"true\" class=\"wp-block-spacer\"><\/div>\n\n\n\n<div class=\"wp-block-columns alignwide is-layout-flex wp-container-core-columns-is-layout-d0846407 wp-block-columns-is-layout-flex\">\n<div class=\"wp-block-column is-layout-flow wp-block-column-is-layout-flow\" style=\"flex-basis:50%\">\n<figure class=\"wp-block-image size-large is-style-rounded is-style-rounded--3\"><img loading=\"lazy\" decoding=\"async\" width=\"1024\" height=\"768\" src=\"https:\/\/hotelducerf.ch\/wp-content\/uploads\/2024\/08\/IMG_20240425_100712-1-1024x768.jpg\" alt=\"\" class=\"wp-image-689\" style=\"aspect-ratio:3\/2;object-fit:cover\" srcset=\"https:\/\/hotelducerf.ch\/wp-content\/uploads\/2024\/08\/IMG_20240425_100712-1-1024x768.jpg 1024w, https:\/\/hotelducerf.ch\/wp-content\/uploads\/2024\/08\/IMG_20240425_100712-1-300x225.jpg 300w, https:\/\/hotelducerf.ch\/wp-content\/uploads\/2024\/08\/IMG_20240425_100712-1-768x576.jpg 768w, https:\/\/hotelducerf.ch\/wp-content\/uploads\/2024\/08\/IMG_20240425_100712-1-1536x1152.jpg 1536w, https:\/\/hotelducerf.ch\/wp-content\/uploads\/2024\/08\/IMG_20240425_100712-1-2048x1536.jpg 2048w, https:\/\/hotelducerf.ch\/wp-content\/uploads\/2024\/08\/IMG_20240425_100712-1-16x12.jpg 16w\" sizes=\"auto, (max-width: 1024px) 100vw, 1024px\" \/><\/figure>\n<\/div>\n\n\n\n<div class=\"wp-block-column is-vertically-aligned-center is-layout-flow wp-block-column-is-layout-flow\" style=\"flex-basis:40%\">\n<h3 class=\"wp-block-heading\"><em>Komfort und Charme inmitten der Schweizer Natur<\/em><\/h3>\n\n\n\n<p>Angefangen von farbenfrohen und gem\u00fctlichen Einzelzimmern, bis hin zu ger\u00e4umigen und komfortablen Doppelzimmern, bieten unsere Zimmer den perfekten R\u00fcckzugsort nach einer ausgiebigen Entdeckungstour in Soubey und Umgebung.<\/p>\n\n\n\n<p>Nach einer erholsamen und ruhigen Nacht erwartet unsere G\u00e4ste ein reichhaltiges Fr\u00fchst\u00fccksbuffet voller Frische und Vitamine, das im Zimmerpreis enthalten ist.<\/p>\n<\/div>\n<\/div>\n\n\n\n<div style=\"height:var(--wp--preset--spacing--40)\" aria-hidden=\"true\" class=\"wp-block-spacer\"><\/div>\n\n\n\n<div style=\"height:var(--wp--preset--spacing--40)\" aria-hidden=\"true\" class=\"wp-block-spacer\"><\/div>\n\n\n\n<div class=\"wp-block-columns alignwide is-layout-flex wp-container-core-columns-is-layout-d0846407 wp-block-columns-is-layout-flex\">\n<div class=\"wp-block-column is-vertically-aligned-center is-layout-flow wp-block-column-is-layout-flow\" style=\"flex-basis:40%\">\n<h3 class=\"wp-block-heading\"><em>Erholsame Natur und charmante D\u00f6rfer<\/em><\/h3>\n\n\n\n<p>Mit ihrer h\u00fcgeligen Landschaft und ihren geschichtstr\u00e4chtigen St\u00e4dtchen bietet die Region eine Vielzahl an Sehensw\u00fcrdigkeiten und erm\u00f6glicht das ganze Jahr \u00fcber Aktivit\u00e4ten f\u00fcr jeden Geschmack.<\/p>\n\n\n\n<p>Von Sportklettern bis hin zu Kanufahren, Trottinettfahren, Reiten, Langlauf und Mountainbiken \u2013 der Jura bietet ungeahnte M\u00f6glichkeiten in einer atemberaubenden Landschaft. Wenn Sie die unber\u00fchrte Natur lieber zu Fuss entdecken m\u00f6chten, erwarten Sie \u00fcber 1.000 km markierte Wanderwege.<\/p>\n<\/div>\n\n\n\n<div class=\"wp-block-column is-layout-flow wp-block-column-is-layout-flow\" style=\"flex-basis:50%\">\n<figure class=\"wp-block-image size-large is-style-rounded is-style-rounded--4\"><img loading=\"lazy\" decoding=\"async\" width=\"1024\" height=\"683\" src=\"https:\/\/hotelducerf.ch\/wp-content\/uploads\/2024\/08\/0N8A6318-1024x683.jpeg\" alt=\"\" class=\"wp-image-694\" style=\"aspect-ratio:3\/2;object-fit:cover\" srcset=\"https:\/\/hotelducerf.ch\/wp-content\/uploads\/2024\/08\/0N8A6318-1024x683.jpeg 1024w, https:\/\/hotelducerf.ch\/wp-content\/uploads\/2024\/08\/0N8A6318-300x200.jpeg 300w, https:\/\/hotelducerf.ch\/wp-content\/uploads\/2024\/08\/0N8A6318-768x512.jpeg 768w, https:\/\/hotelducerf.ch\/wp-content\/uploads\/2024\/08\/0N8A6318-1536x1024.jpeg 1536w, https:\/\/hotelducerf.ch\/wp-content\/uploads\/2024\/08\/0N8A6318-2048x1365.jpeg 2048w, https:\/\/hotelducerf.ch\/wp-content\/uploads\/2024\/08\/0N8A6318-18x12.jpeg 18w\" sizes=\"auto, (max-width: 1024px) 100vw, 1024px\" \/><\/figure>\n<\/div>\n<\/div>\n<\/div>\n<\/div>","protected":false},"excerpt":{"rendered":"<p>WELCOME, BIENVENUE, WILLKOMMEN H\u00f4tel &amp; Restaurant du Cerf \u00c0 partir du 2 avril, l&rsquo;\u00e9quipe du Cerf se r\u00e9jouit d&rsquo;accueillir nos clients tous les jours de 9 h \u00e0 21 h 30. Bienvenue \u00e0 la d\u00e9tente et au plaisir! Loin de l&rsquo;agitation &#8211; dans la commune de Soubey &#8211; l&rsquo;H\u00f4tel du Cerf se trouve dans la [&hellip;]<\/p>","protected":false},"author":1,"featured_media":0,"parent":0,"menu_order":0,"comment_status":"closed","ping_status":"closed","template":"page-no-title","meta":{"footnotes":""},"class_list":["post-22","page","type-page","status-publish","hentry"],"_links":{"self":[{"href":"https:\/\/hotelducerf.ch\/de\/wp-json\/wp\/v2\/pages\/22","targetHints":{"allow":["GET"]}}],"collection":[{"href":"https:\/\/hotelducerf.ch\/de\/wp-json\/wp\/v2\/pages"}],"about":[{"href":"https:\/\/hotelducerf.ch\/de\/wp-json\/wp\/v2\/types\/page"}],"author":[{"embeddable":true,"href":"https:\/\/hotelducerf.ch\/de\/wp-json\/wp\/v2\/users\/1"}],"replies":[{"embeddable":true,"href":"https:\/\/hotelducerf.ch\/de\/wp-json\/wp\/v2\/comments?post=22"}],"version-history":[{"count":93,"href":"https:\/\/hotelducerf.ch\/de\/wp-json\/wp\/v2\/pages\/22\/revisions"}],"predecessor-version":[{"id":977,"href":"https:\/\/hotelducerf.ch\/de\/wp-json\/wp\/v2\/pages\/22\/revisions\/977"}],"wp:attachment":[{"href":"https:\/\/hotelducerf.ch\/de\/wp-json\/wp\/v2\/media?parent=22"}],"curies":[{"name":"wp","href":"https:\/\/api.w.org\/{rel}","templated":true}]}}