{"id":1023,"date":"2026-05-05T14:42:15","date_gmt":"2026-05-05T12:42:15","guid":{"rendered":"https:\/\/hotelducerf.ch\/?page_id=1023"},"modified":"2026-05-08T14:05:32","modified_gmt":"2026-05-08T12:05:32","slug":"services","status":"publish","type":"page","link":"https:\/\/hotelducerf.ch\/de\/services\/","title":{"rendered":"Services"},"content":{"rendered":"<div style=\"height:20px\" aria-hidden=\"true\" class=\"wp-block-spacer\"><\/div>\n\n\n\n<h2 class=\"wp-block-heading has-text-align-center\">Nos Services<\/h2>\n\n\n\n<h3 class=\"wp-block-heading has-text-align-center\"><em>D\u00e9couvrez Notre Offre<\/em><\/h3>\n\n\n\n<div style=\"height:10px\" aria-hidden=\"true\" class=\"wp-block-spacer\"><\/div>\n\n\n\n<div class=\"wp-block-buttons is-content-justification-center is-layout-flex wp-container-core-buttons-is-layout-a89b3969 wp-block-buttons-is-layout-flex\">\n<div class=\"wp-block-button\"><a class=\"wp-block-button__link wp-element-button\" href=\"https:\/\/hotelducerf.ch\/de\/contact\/\">R\u00e9server un v\u00e9lo \u00e9lectrique<\/a><\/div>\n\n\n\n<div class=\"wp-block-button\"><a class=\"wp-block-button__link wp-element-button\" href=\"https:\/\/hotelducerf.ch\/de\/contact\/\">Tisch reservieren<\/a><\/div>\n<\/div>\n\n\n\n<div style=\"height:20px\" aria-hidden=\"true\" class=\"wp-block-spacer\"><\/div>\n\n\n\n<p class=\"text-justify\">Nous nous effor\u00e7ons sans cesse d&rsquo;\u00e9largir notre offre pour nos clients. Vous trouverez ici la liste de toutes nos offres et prestations.<\/p>\n\n\n\n<hr class=\"wp-block-separator has-alpha-channel-opacity\" style=\"margin-top:var(--wp--preset--spacing--40);margin-bottom:var(--wp--preset--spacing--40)\"\/>\n\n\n\n<div class=\"wp-block-columns alignwide is-layout-flex wp-container-core-columns-is-layout-30cd009e wp-block-columns-is-layout-flex\">\n<div class=\"wp-block-column is-vertically-aligned-center is-layout-flow wp-block-column-is-layout-flow\" style=\"flex-basis:40%\">\n<h3 class=\"wp-block-heading\"><em>Location de v\u00e9los \u00e9lectriques<\/em><\/h3>\n\n\n\n<p class=\"has-medium-font-size\">Enfourchez un v\u00e9lo \u00e9lectrique et partez \u00e0 la d\u00e9couverte de paysages myst\u00e9rieux, de plateaux isol\u00e9s couverts de sapins et de vall\u00e9es paisibles travers\u00e9es par le pittoresque Doubs.<\/p>\n\n\n\n<p>Tarifs :<\/p>\n\n\n\n<p>Demi-journ\u00e9e : 20 CHF<br>Journ\u00e9e compl\u00e8te : 30 CHF<\/p>\n<\/div>\n\n\n\n<div class=\"wp-block-column is-layout-flow wp-block-column-is-layout-flow\" style=\"flex-basis:50%\">\n<figure class=\"wp-block-image size-large is-style-rounded is-style-rounded--1\"><img loading=\"lazy\" decoding=\"async\" width=\"1024\" height=\"576\" src=\"https:\/\/hotelducerf.ch\/wp-content\/uploads\/2026\/05\/Ayurveda-Behandlungskatalog-2-1024x576.png\" alt=\"\" class=\"wp-image-1034\" style=\"aspect-ratio:3\/2;object-fit:cover\" srcset=\"https:\/\/hotelducerf.ch\/wp-content\/uploads\/2026\/05\/Ayurveda-Behandlungskatalog-2-1024x576.png 1024w, https:\/\/hotelducerf.ch\/wp-content\/uploads\/2026\/05\/Ayurveda-Behandlungskatalog-2-300x169.png 300w, https:\/\/hotelducerf.ch\/wp-content\/uploads\/2026\/05\/Ayurveda-Behandlungskatalog-2-768x432.png 768w, https:\/\/hotelducerf.ch\/wp-content\/uploads\/2026\/05\/Ayurveda-Behandlungskatalog-2-1536x864.png 1536w, https:\/\/hotelducerf.ch\/wp-content\/uploads\/2026\/05\/Ayurveda-Behandlungskatalog-2-18x10.png 18w, https:\/\/hotelducerf.ch\/wp-content\/uploads\/2026\/05\/Ayurveda-Behandlungskatalog-2.png 1920w\" sizes=\"auto, (max-width: 1024px) 100vw, 1024px\" \/><\/figure>\n<\/div>\n<\/div>","protected":false},"excerpt":{"rendered":"<p>Nos Services D\u00e9couvrez Notre Offre Nous nous effor\u00e7ons sans cesse d&rsquo;\u00e9largir notre offre pour nos clients. Vous trouverez ici la liste de toutes nos offres et prestations. Location de v\u00e9los \u00e9lectriques Enfourchez un v\u00e9lo \u00e9lectrique et partez \u00e0 la d\u00e9couverte de paysages myst\u00e9rieux, de plateaux isol\u00e9s couverts de sapins et de vall\u00e9es paisibles travers\u00e9es par [&hellip;]<\/p>","protected":false},"author":2,"featured_media":0,"parent":0,"menu_order":0,"comment_status":"closed","ping_status":"closed","template":"page-no-title","meta":{"footnotes":""},"class_list":["post-1023","page","type-page","status-publish","hentry"],"_links":{"self":[{"href":"https:\/\/hotelducerf.ch\/de\/wp-json\/wp\/v2\/pages\/1023","targetHints":{"allow":["GET"]}}],"collection":[{"href":"https:\/\/hotelducerf.ch\/de\/wp-json\/wp\/v2\/pages"}],"about":[{"href":"https:\/\/hotelducerf.ch\/de\/wp-json\/wp\/v2\/types\/page"}],"author":[{"embeddable":true,"href":"https:\/\/hotelducerf.ch\/de\/wp-json\/wp\/v2\/users\/2"}],"replies":[{"embeddable":true,"href":"https:\/\/hotelducerf.ch\/de\/wp-json\/wp\/v2\/comments?post=1023"}],"version-history":[{"count":10,"href":"https:\/\/hotelducerf.ch\/de\/wp-json\/wp\/v2\/pages\/1023\/revisions"}],"predecessor-version":[{"id":1039,"href":"https:\/\/hotelducerf.ch\/de\/wp-json\/wp\/v2\/pages\/1023\/revisions\/1039"}],"wp:attachment":[{"href":"https:\/\/hotelducerf.ch\/de\/wp-json\/wp\/v2\/media?parent=1023"}],"curies":[{"name":"wp","href":"https:\/\/api.w.org\/{rel}","templated":true}]}}